{"id":18,"date":"2021-02-09T09:05:30","date_gmt":"2021-02-09T08:05:30","guid":{"rendered":"https:\/\/www.curocon.de\/?page_id=18"},"modified":"2026-02-20T13:43:58","modified_gmt":"2026-02-20T12:43:58","slug":"downloads","status":"publish","type":"page","link":"https:\/\/www.curocon.de\/en\/downloads\/","title":{"rendered":"downloads"},"content":{"rendered":"<p>[et_pb_section fb_built=&#8220;1&#8243; fullwidth=&#8220;on&#8220; custom_padding_last_edited=&#8220;on|phone&#8220; admin_label=&#8220;Hero Section&#8220; _builder_version=&#8220;4.16&#8243; background_color=&#8220;#ffffff&#8220; background_image=&#8220;https:\/\/www.curocon.de\/wp-content\/uploads\/2021\/03\/Banner_Unterseite_Downloads_01.png&#8220; background_position=&#8220;center_left&#8220; max_width=&#8220;2500px&#8220; module_alignment=&#8220;center&#8220; custom_margin=&#8220;|||&#8220; custom_padding=&#8220;300px||300px||true|false&#8220; custom_padding_tablet=&#8220;&#8220; custom_padding_phone=&#8220;100px||100px||true|false&#8220; top_divider_color=&#8220;#ffffff&#8220; bottom_divider_style=&#8220;none&#8220; bottom_divider_color=&#8220;#002F5D&#8220; bottom_divider_flip=&#8220;vertical&#8220; locked=&#8220;off&#8220; global_colors_info=&#8220;{}&#8220;][et_pb_fullwidth_header text_orientation=&#8220;center&#8220; button_one_url=&#8220;https:\/\/curo-con.de\/produkte&#8220; title_tablet=&#8220;&#8220; title_phone=&#8220;&#8220; title_last_edited=&#8220;on|desktop&#8220; _builder_version=&#8220;4.16&#8243; title_font=&#8220;Titillium Web||||||||&#8220; title_text_color=&#8220;#ffffff&#8220; title_font_size=&#8220;66px&#8220; title_line_height=&#8220;1.5em&#8220; content_font=&#8220;||||||||&#8220; content_font_size=&#8220;18px&#8220; content_line_height=&#8220;2em&#8220; subhead_text_color=&#8220;#000000&#8243; background_color=&#8220;rgba(0,0,0,0)&#8220; background_position=&#8220;bottom_center&#8220; custom_button_one=&#8220;on&#8220; button_one_text_size=&#8220;16px&#8220; button_one_bg_color=&#8220;#002F5D&#8220; button_one_border_width=&#8220;0px&#8220; button_one_border_color=&#8220;#0c71c3&#8243; button_one_border_radius=&#8220;15px&#8220; button_one_letter_spacing=&#8220;2px&#8220; button_one_font=&#8220;Titillium Web|700||on|||||&#8220; custom_button_two=&#8220;on&#8220; button_two_text_size=&#8220;13px&#8220; button_two_text_color=&#8220;#4328b7&#8243; button_two_bg_color=&#8220;#ffffff&#8220; button_two_border_width=&#8220;10px&#8220; button_two_border_color=&#8220;#ffffff&#8220; button_two_border_radius=&#8220;0px&#8220; button_two_letter_spacing=&#8220;2px&#8220; button_two_font=&#8220;Titillium Web|700||on|||||&#8220; custom_margin=&#8220;|||&#8220; custom_padding=&#8220;0vw||0vw||true|&#8220; animation_style=&#8220;slide&#8220; animation_direction=&#8220;bottom&#8220; animation_duration=&#8220;1500ms&#8220; animation_intensity_slide=&#8220;2%&#8220; title_font_size_tablet=&#8220;40px&#8220; title_font_size_phone=&#8220;&#8220; title_font_size_last_edited=&#8220;on|phone&#8220; content_font_size_tablet=&#8220;&#8220; content_font_size_phone=&#8220;15px&#8220; content_font_size_last_edited=&#8220;on|phone&#8220; button_one_letter_spacing_hover=&#8220;2px&#8220; button_two_letter_spacing_hover=&#8220;2px&#8220; global_colors_info=&#8220;{}&#8220; button_one_text_size__hover_enabled=&#8220;off&#8220; button_two_text_size__hover_enabled=&#8220;off&#8220; button_one_text_color__hover_enabled=&#8220;off&#8220; button_two_text_color__hover_enabled=&#8220;off&#8220; button_one_border_width__hover_enabled=&#8220;off&#8220; button_two_border_width__hover_enabled=&#8220;off&#8220; button_one_border_color__hover_enabled=&#8220;off&#8220; button_two_border_color__hover_enabled=&#8220;off&#8220; button_one_border_radius__hover_enabled=&#8220;off&#8220; button_two_border_radius__hover_enabled=&#8220;off&#8220; button_one_letter_spacing__hover_enabled=&#8220;on&#8220; button_one_letter_spacing__hover=&#8220;2px&#8220; button_two_letter_spacing__hover_enabled=&#8220;on&#8220; button_two_letter_spacing__hover=&#8220;2px&#8220; button_one_bg_color__hover_enabled=&#8220;off&#8220; button_two_bg_color__hover_enabled=&#8220;off&#8220;][\/et_pb_fullwidth_header][\/et_pb_section][et_pb_section fb_built=&#8220;1&#8243; _builder_version=&#8220;4.16&#8243; _module_preset=&#8220;default&#8220; custom_margin=&#8220;||||false|false&#8220; custom_padding=&#8220;3px||8px||false|false&#8220; locked=&#8220;off&#8220; global_colors_info=&#8220;{}&#8220;][et_pb_row _builder_version=&#8220;4.16&#8243; _module_preset=&#8220;default&#8220; global_colors_info=&#8220;{}&#8220;][et_pb_column type=&#8220;4_4&#8243; _builder_version=&#8220;4.16&#8243; _module_preset=&#8220;default&#8220; global_colors_info=&#8220;{}&#8220;][et_pb_text _builder_version=&#8220;4.16&#8243; _module_preset=&#8220;default&#8220; header_2_font=&#8220;OpenSansLight|300||on|||||&#8220; header_2_text_align=&#8220;center&#8220; header_2_text_color=&#8220;#002949&#8243; header_2_font_size=&#8220;40px&#8220; header_2_line_height=&#8220;1.3em&#8220; custom_margin=&#8220;||10px||false|false&#8220; header_2_font_size_tablet=&#8220;&#8220; header_2_font_size_phone=&#8220;30px&#8220; header_2_font_size_last_edited=&#8220;on|phone&#8220; global_colors_info=&#8220;{}&#8220;]<\/p>\n<h2>UNSERE DOWNLOADS<\/h2>\n<p>[\/et_pb_text][et_pb_text _builder_version=&#8220;4.16&#8243; _module_preset=&#8220;default&#8220; text_font=&#8220;OpenSansRegular||||||||&#8220; global_colors_info=&#8220;{}&#8220;]<\/p>\n<p>Suchen Sie weiterf\u00fchrende Informationen zu unserem Unternehmen, unseren Produkten und Dienstleistungen oder unseren Applikationen? Hier haben wir f\u00fcr Sie die entsprechenden Downloads bereitgestellt. Haben Sie noch Fragen oder m\u00f6chten Sie mit uns Ihr Anliegen besprechen? Wir freuen uns \u00fcber Ihre pers\u00f6nliche Kontaktaufnahme via <a href=\"https:\/\/www.curocon.de\/kontakt\/#Kontaktformular\" target=\"_blank\" rel=\"noopener\">Formular<\/a> oder E-Mail an <a href=\"mailto:%20info@curocon.de\" target=\"_blank\" rel=\"noopener\">info@curocon.de<\/a>.<\/p>\n<p>[\/et_pb_text][\/et_pb_column][\/et_pb_row][\/et_pb_section][et_pb_section fb_built=&#8220;1&#8243; _builder_version=&#8220;4.16&#8243; background_enable_image=&#8220;off&#8220; custom_padding=&#8220;19px|||||&#8220; bottom_divider_color=&#8220;#002F5D&#8220; global_colors_info=&#8220;{}&#8220;][et_pb_row column_structure=&#8220;1_3,1_3,1_3&#8243; _builder_version=&#8220;4.16&#8243; _module_preset=&#8220;default&#8220; width=&#8220;100%&#8220; max_width=&#8220;2000px&#8220; custom_padding=&#8220;|50px||50px|false|true&#8220; global_colors_info=&#8220;{}&#8220;][et_pb_column type=&#8220;1_3&#8243; _builder_version=&#8220;4.16&#8243; _module_preset=&#8220;default&#8220; global_colors_info=&#8220;{}&#8220;][et_pb_blurb title=&#8220;Unternehmen&#8220; use_icon=&#8220;on&#8220; font_icon=&#8220;&#xe074;||divi||400&#8243; icon_color=&#8220;#002F5D&#8220; icon_placement=&#8220;left&#8220; image_icon_width=&#8220;80px&#8220; _builder_version=&#8220;4.27.0&#8243; header_font=&#8220;OpenSansRegular||||||||&#8220; body_font=&#8220;OpenSansRegular||||||||&#8220; min_height=&#8220;91px&#8220; custom_padding=&#8220;||7px|||&#8220; icon_font_size=&#8220;80px&#8220; global_colors_info=&#8220;{}&#8220;]<\/p>\n<div class=\"column mcb-column one column_list \">\n<div class=\"list_item lists_1 clearfix\">\n<div class=\"list_right\">\n<div class=\"desc\">Hier bekommen Sie kostenlos Informationen \u00fcber unser Unternehmen sowie \u00fcber vertragliche Konditionen.<\/div>\n<\/div>\n<\/div>\n<\/div>\n<p>[\/et_pb_blurb][et_pb_toggle title=&#8220;Downloads&#8220; _builder_version=&#8220;4.27.5&#8243; title_text_color=&#8220;#002F5D&#8220; title_level=&#8220;h2&#8243; title_font=&#8220;OpenSansRegular|700|||||||&#8220; body_font=&#8220;OpenSansRegular||||||||&#8220; background_color=&#8220;#ffffff&#8220; custom_padding=&#8220;30px|||||&#8220; global_colors_info=&#8220;{}&#8220;]<\/p>\n<p><i class=\"far fa-file-pdf\"><\/i><span><a href=\"https:\/\/www.curocon.de\/wp-content\/uploads\/2025\/06\/CuroCon_Unternehmenspraesentation_2025_de.pdf\" target=\"_blank\" rel=\"noopener\">\u00a0Unternehmenspr\u00e4sentation<\/a> &#8211; Informationen zur Firma, Produkten und T\u00e4tigkeitsgebieten<\/span><\/p>\n<p><i class=\"far fa-file-pdf\"><\/i> <a href=\"https:\/\/www.curocon.de\/wp-content\/uploads\/2024\/06\/Allgemeine-Geschaeftsbedingungen-AGB-2024.pdf\" target=\"_blank\" rel=\"noopener\" title=\"Allgemeine Gesch\u00e4ftsbedingungen (AGB)\"><span>Allgemeine Gesch\u00e4ftsbedingungen (AGB)<\/span><\/a><\/p>\n<p><i class=\"far fa-file-pdf\"><\/i> <a href=\"https:\/\/www.curocon.de\/wp-content\/uploads\/2022\/08\/Allgemeine-Lieferbedingungen-GL_2022_01_DE.pdf\" target=\"_blank\" rel=\"noopener\"><span>Allgemeine Lieferbedingungen f\u00fcr Erzeugnisse und Leistungen der Elektroindustrie gem\u00e4\u00df ZVEI<\/span><\/a><\/p>\n<p><i class=\"far fa-file-pdf\"><\/i> <a href=\"https:\/\/www.curocon.de\/wp-content\/uploads\/2021\/04\/9.AGB_Ergaenzugsklausel-englisch-deutsch.pdf\" target=\"_blank\" rel=\"noopener\"><span>Erg\u00e4nzungsklausel: Erweiterter Eigentumsvorbehalt gem\u00e4\u00df ZVEI<\/span><\/a><\/p>\n<p><i class=\"far fa-file-pdf\"><\/i> <a href=\"https:\/\/www.curocon.de\/wp-content\/uploads\/2022\/08\/4.Softwareklausel-deutsch-2022.pdf\" target=\"_blank\" rel=\"noopener\"><span>Softwareklausel zur \u00dcberlassung von Standard-Software als Teil von Lieferungen gem\u00e4\u00df ZVEI<\/span><\/a><\/p>\n<p><i class=\"far fa-file-pdf\"><\/i> <a href=\"https:\/\/www.curocon.de\/wp-content\/uploads\/2026\/01\/Haftpflichtversicherung-V-069-208-664-2.pdf\" target=\"_blank\" rel=\"noopener\"><span>Versicherungsbest\u00e4tigung Haftpflichtversicherung<\/span><\/a><\/p>\n<p><i class=\"far fa-file-pdf\"><\/i> <a href=\"https:\/\/www.curocon.de\/wp-content\/uploads\/2024\/07\/Code_of_Conduct_Compliance_CuroCon_de.pdf\" target=\"_blank\" rel=\"noopener\"><span>Code_of_Conduct_Compliance_CuroCon<\/span><\/a><\/p>\n<p>[\/et_pb_toggle][\/et_pb_column][et_pb_column type=&#8220;1_3&#8243; _builder_version=&#8220;4.16&#8243; _module_preset=&#8220;default&#8220; global_colors_info=&#8220;{}&#8220;][et_pb_blurb use_icon=&#8220;on&#8220; font_icon=&#8220;&#xe059;||divi||400&#8243; icon_color=&#8220;#002F5D&#8220; icon_placement=&#8220;left&#8220; image_icon_width=&#8220;80px&#8220; _builder_version=&#8220;4.17.3&#8243; header_font=&#8220;OpenSansRegular||||||||&#8220; body_font=&#8220;OpenSansRegular||||||||&#8220; custom_margin=&#8220;||26px|||&#8220; custom_padding=&#8220;||14px||false|false&#8220; icon_font_size=&#8220;80px&#8220; global_colors_info=&#8220;{}&#8220;]<\/p>\n<h4>Produkte &amp; Dienstleistungen<\/h4>\n<div class=\"desc\">Hier bekommen Sie kostenlos Informationen zu unseren Produkten und Dienstleistungen.<\/div>\n<p>&nbsp;<\/p>\n<p>[\/et_pb_blurb][et_pb_toggle title=&#8220;Downloads&#8220; _builder_version=&#8220;4.27.4&#8243; title_text_color=&#8220;#002F5D&#8220; title_level=&#8220;h2&#8243; title_font=&#8220;OpenSansRegular|700|||||||&#8220; body_font=&#8220;OpenSansRegular||||||||&#8220; background_color=&#8220;#ffffff&#8220; global_colors_info=&#8220;{}&#8220;]<\/p>\n<p><strong>Station\u00e4re Automatisierung<\/strong><\/p>\n<p><i class=\"far fa-file-pdf\"><\/i>\u00a0<a href=\"https:\/\/www.curocon.de\/wp-content\/uploads\/2021\/02\/CuroContest_Datenblatt_20210125.pdf\" target=\"_blank\" rel=\"noopener noreferrer\">\u00a0CuroContest<\/a>\u00a0&#8211; Universeller Pr\u00fcfstand f\u00fcr Anwendungen in Entwicklung, Kleinserienproduktion und Qualit\u00e4tskontrolle<\/p>\n<p><i class=\"far fa-file-pdf\"><\/i>\u00a0<a href=\"https:\/\/www.curocon.de\/wp-content\/uploads\/2021\/02\/CuroContract_Datenblatt_20210225.pdf\" target=\"_blank\" rel=\"noopener noreferrer\">\u00a0CuroContract\u00a0<\/a>&#8211; Skalierbarer Elektromotoren- und Traktionspr\u00fcfstand<\/p>\n<p><i class=\"far fa-file-pdf\"><\/i>\u00a0<a href=\"https:\/\/www.curocon.de\/wp-content\/uploads\/2021\/02\/CuroControl-M_Datenblatt_20210128-1.pdf\" rel=\"attachment wp-att-2747 noopener noreferrer\" target=\"_blank\">CuroControl M <\/a><span>&#8211; Universelle Messdatenerfassung zur \u00dcberwachung von Prozessen und Anwendungen<\/span><\/p>\n<p><i class=\"far fa-file-pdf\"><\/i> <a href=\"https:\/\/www.curocon.de\/wp-content\/uploads\/2021\/02\/CuroControl-MS_Datenblatt_20210125.pdf\" target=\"_blank\" rel=\"noopener noreferrer\">\u00a0CuroControl MS<\/a><span>\u00a0&#8211; Echtzeitf\u00e4hige universelle Messdatenerfassung zur \u00dcberwachung und Steuerung von Prozessen und Anwendungen<\/span><\/p>\n<p><i class=\"far fa-file-pdf\"><\/i> <a href=\"https:\/\/www.curocon.de\/wp-content\/uploads\/2021\/02\/CuroControl-MSR_Datenblatt_20210125.pdf\" target=\"_blank\" rel=\"noopener noreferrer\">\u00a0CuroControl MSR<\/a><span>\u00a0&#8211; Automatisierungssystem zum Messen \u2013 Steuern \u2013 Regeln von Prozessen in Echtzeit\u00a0<\/span><\/p>\n<p><i class=\"far fa-file-pdf\"><\/i>\u00a0 <a href=\"https:\/\/www.curocon.de\/wp-content\/uploads\/2021\/02\/CuroControl-MSRV_Datenblatt_20210125.pdf\" target=\"_blank\" rel=\"noopener noreferrer\">CuroControl MSRV<\/a>&#8211; Universelles PC-basiertes Pr\u00fcf- und Automatisierungssystem zum Messen &#8211; Steuern &#8211; Regeln &#8211; Virtualisieren<\/p>\n<p><i class=\"far fa-file-pdf\"><\/i> <a href=\"https:\/\/www.curocon.de\/wp-content\/uploads\/2021\/02\/CuroControl-RV_Datenblatt_20210125.pdf\" target=\"_blank\" rel=\"noopener noreferrer\">\u00a0CuroControl RV<\/a><span>\u00a0 &#8211; die Regelungsbox f\u00fcr den Betrieb von Mehrmaschinen- und Verbundregelungen im Pr\u00fcfstands- und Anlagenbau.<\/span><\/p>\n<p><i class=\"far fa-file-pdf\"><\/i>\u00a0<a href=\"https:\/\/www.curocon.de\/wp-content\/uploads\/2021\/02\/CuroConvirt_Datenblatt_20210125.pdf\" target=\"_blank\" rel=\"noopener noreferrer\">\u00a0CuroConvirt<\/a>\u00a0&#8211; Virtueller Pr\u00fcfstand zur Simulation einer realen Pr\u00fcfumgebung<\/p>\n<p><strong>Mobile Automatisierung<\/strong><\/p>\n<p><i class=\"far fa-file-pdf\"><\/i>\u00a0<a href=\"https:\/\/www.curocon.de\/wp-content\/uploads\/2021\/05\/CuroCon_CuroControl_Mdx_Datenblatt_20210503_Homepage.pdf\" target=\"_blank\" rel=\"noopener noreferrer\">\u00a0CuroControl Mdx<\/a> <span>\u00a0&#8211; das Fahrerinformationssystem bestehend aus einer Kombination der mobilen Messbox CuroControl\u00aeMx und einer Bedienoberfl\u00e4che.<\/span><\/p>\n<p><i class=\"far fa-file-pdf\"><\/i>\u00a0<a href=\"https:\/\/www.curocon.de\/wp-content\/uploads\/2021\/05\/CuroCon_CuroControl_MSx_Datenblatt_Homepage.pdf\" target=\"_blank\" rel=\"noopener noreferrer\">\u00a0CuroControl MSx<\/a><span>\u00a0&#8211; Diagnosetool und Servicemonitor f\u00fcr mobile Anwendungen<\/span><\/p>\n<p><i class=\"far fa-file-pdf\"><\/i> <a href=\"https:\/\/www.curocon.de\/wp-content\/uploads\/2021\/05\/CuroCon_CuroControl_MSRVx_Datenblatt_Homepage.pdf\" target=\"_blank\" rel=\"noopener noreferrer\">\u00a0CuroControl MSRVx<\/a>&#8211; Universelles PC-basiertes Pr\u00fcf- und Automatisierungssystem zum Messen &#8211; Steuern &#8211; Regeln &#8211; Virtualisieren<\/p>\n<p><i class=\"far fa-file-pdf\"><\/i>\u00a0<a href=\"https:\/\/www.curocon.de\/wp-content\/uploads\/2021\/05\/CuroCon_CuroControl_Mx_Datenblatt_Homepage.pdf\" target=\"_blank\" rel=\"noopener noreferrer\">\u00a0CuroControl Mx<\/a><span>\u00a0 &#8211; die mobile Messbox zur Aufnahme realer Fahrdaten, Messwerte und RDE (Real Drive Emissions) in Echtzeit<\/span><\/p>\n<p><i class=\"far fa-file-pdf\"><\/i><a href=\"https:\/\/www.curocon.de\/wp-content\/uploads\/2021\/02\/CuroControl-RVx_Datenblatt_20210121.pdf\" target=\"_blank\" rel=\"noopener noreferrer\">\u00a0CuroControl RVx<\/a>\u00a0&#8211; die mobile Steuer-\/Regelungsbox f\u00fcr Prototyp-Anwendungen in der Elektromobilit\u00e4t<\/p>\n<p><i class=\"far fa-file-pdf\"><\/i> <a href=\"https:\/\/www.curocon.de\/wp-content\/uploads\/2021\/05\/CuroCon_CuroControl_SRx_Datenblatt_Homepage.pdf\" target=\"_blank\" rel=\"noopener noreferrer\">\u00a0CuroControl SRx<\/a><span>\u00a0\u00a0&#8211; das mobile Steuerungs-\/Regelungsger\u00e4t f\u00fcr Serien-Anwendungen in der Elektromobilit\u00e4t mit integrierter Sicherheitsfunktionalit\u00e4t und Serviceschnittstelle<\/span><\/p>\n<p><strong>Energetische Automatisierung<\/strong><\/p>\n<p><i class=\"far fa-file-pdf\"><\/i>\u00a0<a href=\"https:\/\/www.curocon.de\/wp-content\/uploads\/2021\/05\/CuroCon_CuroControl_MSdc_Datenblatt_Homepage.pdf\" target=\"_blank\" rel=\"noopener\">CuroControl MSdc<\/a> &#8211; die individuelle AC und DC Ladepark-L\u00f6sung in der Elektromobilit\u00e4t<\/p>\n<p><i class=\"far fa-file-pdf\"><\/i><a href=\"https:\/\/www.curocon.de\/wp-content\/uploads\/2025\/10\/DC-LINK-UP_Datenblatt.pdf\" target=\"_blank\" rel=\"noopener\">\u00a0DC-Link-UP<\/a> &#8211; die individuelle L\u00f6sung f\u00fcr DC Laden<\/p>\n<p><i class=\"far fa-file-pdf\"><\/i><a href=\"https:\/\/www.curocon.de\/wp-content\/uploads\/2026\/02\/DC-Link-UP_Phantom-Pruefsystem_Datenblatt_2026.pdf\" title=\"Synthetisches Pr\u00fcfen\" target=\"_blank\" rel=\"noopener\">\u00a0DC-Link-UP Phantom-Pr\u00fcfsystem<\/a> &#8211; Mobiles bidirektionales Mess- und Pr\u00fcfsystem zur eichrechtskonformen Pr\u00fcfung von Ladetechnik und Energiez\u00e4hlern mittels Phantomkonzept<\/p>\n<p>[\/et_pb_toggle][\/et_pb_column][et_pb_column type=&#8220;1_3&#8243; _builder_version=&#8220;4.16&#8243; _module_preset=&#8220;default&#8220; global_colors_info=&#8220;{}&#8220;][et_pb_blurb title=&#8220;Applikationen&#8220; use_icon=&#8220;on&#8220; font_icon=&#8220;&#xe038;||divi||400&#8243; icon_color=&#8220;#002F5D&#8220; icon_placement=&#8220;left&#8220; image_icon_width=&#8220;80px&#8220; _builder_version=&#8220;4.17.3&#8243; header_font=&#8220;OpenSansRegular||||||||&#8220; body_font=&#8220;OpenSansRegular||||||||&#8220; custom_margin=&#8220;||40px|||&#8220; custom_padding=&#8220;||19px||false|false&#8220; icon_font_size=&#8220;80px&#8220; global_colors_info=&#8220;{}&#8220;]<\/p>\n<div class=\"desc\">Hier bekommen Sie kostenlos Informationen \u00fcber unsere Applikationen und Anwenderberichte.<\/div>\n<p>[\/et_pb_blurb][et_pb_toggle title=&#8220;Downloads&#8220; _builder_version=&#8220;4.16&#8243; title_text_color=&#8220;#002F5D&#8220; title_level=&#8220;h2&#8243; title_font=&#8220;OpenSansRegular|700|||||||&#8220; body_font=&#8220;OpenSansRegular||||||||&#8220; background_color=&#8220;#ffffff&#8220; global_colors_info=&#8220;{}&#8220;]<\/p>\n<div><i class=\"far fa-file-pdf\"><\/i> <a href=\"https:\/\/www.curocon.de\/wp-content\/uploads\/2021\/02\/evTrailer_Infoflyer_IAA_2016_v2.pdf\" target=\"_blank\" rel=\"noopener noreferrer\"><span>\u00a0<\/span>evTrailer<span><\/span><\/a><span> &#8211; Informationen zum evTrailer<\/span><br \/> <i class=\"far fa-file-pdf\"><\/i> <a href=\"https:\/\/www.curocon.de\/wp-content\/uploads\/2021\/02\/Carvia_broschyr_DE_290x170.pdf\" target=\"_blank\" rel=\"noopener noreferrer\"><span>\u00a0<\/span>Carvia<span>\u00a0<\/span><\/a><span>&#8211; Informationen zum kommunalen Elektrofahrzeug von Carvia<\/span><br \/> <i class=\"far fa-file-pdf\"><\/i> <a href=\"https:\/\/www.curocon.de\/wp-content\/uploads\/2021\/02\/Anwenderbericht_EKM_Messfahrten-VWPassatGTE.pdf\" target=\"_blank\" rel=\"noopener noreferrer\"><span>\u00a0<\/span>Anwenderbericht_EKM_Messfahrten-VWPassatGTE<span>\u00a0<\/span><\/a><span> &#8211; Anwenderbericht EKM unter Einsatz von CuroControl Mx, VWPassatGTE<\/span><br \/> <i class=\"far fa-file-pdf\"><\/i> <a href=\"https:\/\/www.curocon.de\/wp-content\/uploads\/2021\/02\/Anwenderbericht_EKM_Messfahrten_BMW225xe.pdf\" target=\"_blank\" rel=\"noopener noreferrer\"><span>\u00a0<\/span>Anwenderbericht_EKM_Messfahrten-BMW225xe<span>\u00a0<\/span><\/a><span> &#8211; Anwenderbericht EKM unter Einsatz von CuroControl Mx, BMW225xe<\/span><br \/> <i class=\"far fa-file-pdf\"><\/i> <a href=\"https:\/\/www.curocon.de\/wp-content\/uploads\/2021\/02\/Anwenderbericht_EKM_MercedesC350e.pdf\" target=\"_blank\" rel=\"noopener noreferrer\"><span>\u00a0<\/span>Anwenderbericht_EKM_Messfahrten-MercedesC350e<span>\u00a0<\/span><\/a><span> &#8211; Anwenderbericht EKM unter Einsatz von CuroControl Mx, MercedesC350e<\/span><\/div>\n<p>[\/et_pb_toggle][\/et_pb_column][\/et_pb_row][\/et_pb_section]<\/p>\n","protected":false},"excerpt":{"rendered":"<p>UNSERE DOWNLOADSSuchen Sie weiterf\u00fchrende Informationen zu unserem Unternehmen, unseren Produkten und Dienstleistungen oder unseren Applikationen? Hier haben wir f\u00fcr Sie die entsprechenden Downloads bereitgestellt. Haben Sie noch Fragen oder m\u00f6chten Sie mit uns Ihr Anliegen besprechen? Wir freuen uns \u00fcber Ihre pers\u00f6nliche Kontaktaufnahme via Formular oder E-Mail an info@curocon.de. Hier bekommen Sie kostenlos Informationen \u00fcber [&hellip;]<\/p>\n","protected":false},"author":4,"featured_media":0,"parent":0,"menu_order":0,"comment_status":"closed","ping_status":"closed","template":"","meta":{"_et_pb_use_builder":"on","_et_pb_old_content":"<!-- wp:divi\/placeholder \/-->","_et_gb_content_width":"","footnotes":""},"class_list":["post-18","page","type-page","status-publish","hentry"],"_links":{"self":[{"href":"https:\/\/www.curocon.de\/en\/wp-json\/wp\/v2\/pages\/18","targetHints":{"allow":["GET"]}}],"collection":[{"href":"https:\/\/www.curocon.de\/en\/wp-json\/wp\/v2\/pages"}],"about":[{"href":"https:\/\/www.curocon.de\/en\/wp-json\/wp\/v2\/types\/page"}],"author":[{"embeddable":true,"href":"https:\/\/www.curocon.de\/en\/wp-json\/wp\/v2\/users\/4"}],"replies":[{"embeddable":true,"href":"https:\/\/www.curocon.de\/en\/wp-json\/wp\/v2\/comments?post=18"}],"version-history":[{"count":126,"href":"https:\/\/www.curocon.de\/en\/wp-json\/wp\/v2\/pages\/18\/revisions"}],"predecessor-version":[{"id":6141,"href":"https:\/\/www.curocon.de\/en\/wp-json\/wp\/v2\/pages\/18\/revisions\/6141"}],"wp:attachment":[{"href":"https:\/\/www.curocon.de\/en\/wp-json\/wp\/v2\/media?parent=18"}],"curies":[{"name":"wp","href":"https:\/\/api.w.org\/{rel}","templated":true}]}}