{"id":22,"date":"2021-02-09T09:06:00","date_gmt":"2021-02-09T08:06:00","guid":{"rendered":"https:\/\/www.curocon.de\/?page_id=22"},"modified":"2021-07-06T18:23:57","modified_gmt":"2021-07-06T16:23:57","slug":"kontakt","status":"publish","type":"page","link":"https:\/\/www.curocon.de\/en\/kontakt\/","title":{"rendered":"contact"},"content":{"rendered":"<p>[et_pb_section fb_built=&#8220;1&#8243; fullwidth=&#8220;on&#8220; custom_padding_last_edited=&#8220;on|phone&#8220; admin_label=&#8220;Hero Section&#8220; _builder_version=&#8220;4.9.4&#8243; background_color=&#8220;#ffffff&#8220; background_image=&#8220;https:\/\/www.curocon.de\/wp-content\/uploads\/2021\/03\/Banner_Unterseite_Kontakt.png&#8220; max_width=&#8220;2500px&#8220; module_alignment=&#8220;center&#8220; custom_margin=&#8220;|||&#8220; custom_padding=&#8220;300px||300px||true|false&#8220; custom_padding_tablet=&#8220;&#8220; custom_padding_phone=&#8220;100px||100px||true|false&#8220; top_divider_color=&#8220;#ffffff&#8220; bottom_divider_style=&#8220;none&#8220; bottom_divider_color=&#8220;#002F5D&#8220; bottom_divider_flip=&#8220;vertical&#8220; locked=&#8220;off&#8220;][et_pb_fullwidth_header text_orientation=&#8220;center&#8220; button_one_url=&#8220;https:\/\/curo-con.de\/produkte&#8220; title_tablet=&#8220;&#8220; title_phone=&#8220;&#8220; title_last_edited=&#8220;on|desktop&#8220; _builder_version=&#8220;4.6.5&#8243; title_font=&#8220;Titillium Web||||||||&#8220; title_text_color=&#8220;#ffffff&#8220; title_font_size=&#8220;66px&#8220; title_line_height=&#8220;1.5em&#8220; content_font=&#8220;||||||||&#8220; content_font_size=&#8220;18px&#8220; content_line_height=&#8220;2em&#8220; subhead_text_color=&#8220;#000000&#8243; background_color=&#8220;rgba(0,0,0,0)&#8220; background_position=&#8220;bottom_center&#8220; custom_button_one=&#8220;on&#8220; button_one_text_size=&#8220;16px&#8220; button_one_bg_color=&#8220;#002F5D&#8220; button_one_border_width=&#8220;0px&#8220; button_one_border_color=&#8220;#0c71c3&#8243; button_one_border_radius=&#8220;15px&#8220; button_one_letter_spacing=&#8220;2px&#8220; button_one_font=&#8220;Titillium Web|700||on|||||&#8220; custom_button_two=&#8220;on&#8220; button_two_text_size=&#8220;13px&#8220; button_two_text_color=&#8220;#4328b7&#8243; button_two_bg_color=&#8220;#ffffff&#8220; button_two_border_width=&#8220;10px&#8220; button_two_border_color=&#8220;#ffffff&#8220; button_two_border_radius=&#8220;0px&#8220; button_two_letter_spacing=&#8220;2px&#8220; button_two_font=&#8220;Titillium Web|700||on|||||&#8220; custom_margin=&#8220;|||&#8220; custom_padding=&#8220;0vw||0vw||true|&#8220; animation_style=&#8220;slide&#8220; animation_direction=&#8220;bottom&#8220; animation_duration=&#8220;1500ms&#8220; animation_intensity_slide=&#8220;2%&#8220; title_font_size_tablet=&#8220;40px&#8220; title_font_size_phone=&#8220;&#8220; title_font_size_last_edited=&#8220;on|phone&#8220; content_font_size_tablet=&#8220;&#8220; content_font_size_phone=&#8220;15px&#8220; content_font_size_last_edited=&#8220;on|phone&#8220; button_one_letter_spacing_hover=&#8220;2px&#8220; button_two_letter_spacing_hover=&#8220;2px&#8220; button_one_text_size__hover_enabled=&#8220;off&#8220; button_two_text_size__hover_enabled=&#8220;off&#8220; button_one_text_color__hover_enabled=&#8220;off&#8220; button_two_text_color__hover_enabled=&#8220;off&#8220; button_one_border_width__hover_enabled=&#8220;off&#8220; button_two_border_width__hover_enabled=&#8220;off&#8220; button_one_border_color__hover_enabled=&#8220;off&#8220; button_two_border_color__hover_enabled=&#8220;off&#8220; button_one_border_radius__hover_enabled=&#8220;off&#8220; button_two_border_radius__hover_enabled=&#8220;off&#8220; button_one_letter_spacing__hover_enabled=&#8220;on&#8220; button_one_letter_spacing__hover=&#8220;2px&#8220; button_two_letter_spacing__hover_enabled=&#8220;on&#8220; button_two_letter_spacing__hover=&#8220;2px&#8220; button_one_bg_color__hover_enabled=&#8220;off&#8220; button_two_bg_color__hover_enabled=&#8220;off&#8220;][\/et_pb_fullwidth_header][\/et_pb_section][et_pb_section fb_built=&#8220;1&#8243; custom_padding_last_edited=&#8220;on|desktop&#8220; _builder_version=&#8220;4.9.4&#8243; _module_preset=&#8220;default&#8220; max_width=&#8220;1700px&#8220; module_alignment=&#8220;center&#8220; custom_padding=&#8220;0px||0px||true|false&#8220; custom_padding_tablet=&#8220;&#8220; custom_padding_phone=&#8220;30px||30px||true|false&#8220; locked=&#8220;off&#8220;][et_pb_row custom_padding_last_edited=&#8220;on|desktop&#8220; _builder_version=&#8220;4.9.4&#8243; _module_preset=&#8220;default&#8220; custom_padding=&#8220;||||true|false&#8220; custom_padding_tablet=&#8220;&#8220; custom_padding_phone=&#8220;30px||30px||true|false&#8220;][et_pb_column type=&#8220;4_4&#8243; _builder_version=&#8220;4.6.0&#8243; _module_preset=&#8220;default&#8220;][et_pb_text _builder_version=&#8220;4.9.4&#8243; _module_preset=&#8220;default&#8220; header_2_font=&#8220;OpenSansLight|300||on|||||&#8220; header_2_text_align=&#8220;center&#8220; header_2_text_color=&#8220;#002949&#8243; header_2_font_size=&#8220;40px&#8220; custom_margin=&#8220;||10px||false|false&#8220; header_2_font_size_tablet=&#8220;&#8220; header_2_font_size_phone=&#8220;30px&#8220; header_2_font_size_last_edited=&#8220;on|phone&#8220;]<\/p>\n<h2>IHR KONTAKT ZU UNS<\/h2>\n<p>[\/et_pb_text][et_pb_text _builder_version=&#8220;4.9.4&#8243; _module_preset=&#8220;default&#8220; text_font=&#8220;OpenSansRegular||||||||&#8220; text_font_size=&#8220;15px&#8220; header_2_font=&#8220;|300||on|||||&#8220; header_2_text_align=&#8220;center&#8220; header_2_text_color=&#8220;#002949&#8243; header_2_font_size=&#8220;40px&#8220; text_orientation=&#8220;center&#8220;]<\/p>\n<p style=\"text-align: left;\">Haben Sie Fragen zu unseren Produkten oder Dienstleistungen? M\u00f6chten Sie sich vor Ort von uns und unserem Team \u00fcberzeugen? Wollen Sie unser Firmendomizil kennenlernen? M\u00f6chten Sie Ihr Elektrofahrzeug an unserer hauseigenen Ladetechnik aufladen? M\u00f6chten Sie ein auf Ihre Bed\u00fcrfnisse abgestimmtes Angebot? Wir freuen uns auf Ihre pers\u00f6nliche Kontaktaufnahme \u00fcber unser <a href=\"https:\/\/www.curocon.de\/kontakt\/#Kontaktformular\" target=\"_blank\" rel=\"noopener\">Formular<\/a> oder per <a href=\"mailto:%20info@curocon.de\" target=\"_blank\" rel=\"noopener\">E-Mail<\/a>.<\/p>\n<p>[\/et_pb_text][\/et_pb_column][\/et_pb_row][et_pb_row column_structure=&#8220;1_2,1_2&#8243; use_custom_gutter=&#8220;on&#8220; gutter_width=&#8220;1&#8243; make_equal=&#8220;on&#8220; custom_padding_last_edited=&#8220;on|desktop&#8220; _builder_version=&#8220;4.9.4&#8243; _module_preset=&#8220;default&#8220; width=&#8220;100%&#8220; max_width=&#8220;2500px&#8220; custom_padding=&#8220;0px||0px||false|false&#8220; custom_padding_tablet=&#8220;&#8220; custom_padding_phone=&#8220;30px||30px||true|false&#8220;][et_pb_column type=&#8220;1_2&#8243; _builder_version=&#8220;4.9.4&#8243; _module_preset=&#8220;default&#8220; custom_padding=&#8220;12px||12px||true|false&#8220;][et_pb_code _builder_version=&#8220;4.9.2&#8243; module_alignment=&#8220;center&#8220; border_radii=&#8220;on|5px|5px|5px|5px&#8220;]<div class=\"BorlabsCookie _brlbs-cb-googlemaps\"><div class=\"_brlbs-content-blocker\"> <div class=\"_brlbs-embed _brlbs-google-maps\"> <img class=\"_brlbs-thumbnail\" src=\"https:\/\/www.curocon.de\/wp-content\/plugins\/borlabs-cookie\/assets\/images\/cb-maps.png\" alt=\"Google Maps\"> <div class=\"_brlbs-caption\"> <p>Mit dem Laden der Karte akzeptieren Sie die Datenschutzerkl\u00e4rung von Google.<br><a href=\"https:\/\/policies.google.com\/privacy\" target=\"_blank\" rel=\"nofollow noopener noreferrer\">Mehr erfahren<\/a><\/p> <p><a class=\"_brlbs-btn\" href=\"#\" data-borlabs-cookie-unblock role=\"button\">Karte laden<\/a><\/p> <p><label><input type=\"checkbox\" name=\"unblockAll\" value=\"1\" checked> <small>Google Maps immer entsperren<\/small><\/label><\/p> <\/div> <\/div> <\/div><div class=\"borlabs-hide\" data-borlabs-cookie-type=\"content-blocker\" data-borlabs-cookie-id=\"googlemaps\"><script type=\"text\/template\">PGlmcmFtZSBzcmM9Imh0dHBzOi8vd3d3Lmdvb2dsZS5jb20vbWFwcy9lbWJlZD9wYj0hMW0xOCExbTEyITFtMyExZDI1NzkuMjYwOTIxNTEwODEyITJkOC41OTgwMjU2MTU3MDUyMzIhM2Q0OS43MjQ3MTQzNzkzODE4NCEybTMhMWYwITJmMCEzZjAhM20yITFpMTAyNCEyaTc2OCE0ZjEzLjEhM20zITFtMiExczB4NDc5N2Q3ZWJkM2FkY2EzNSUzQTB4NGZmMjczM2I0ZTJkYmUzMiEyc0N1cm9Db24lMjBHbWJIITVlMCEzbTIhMXNkZSEyc2RlITR2MTYxNTg4ODE3Mjk3OSE1bTIhMXNkZSEyc2RlIiB3aWR0aD0iMTAwJSIgaGVpZ2h0PSI2MDAiIHN0eWxlPSJib3JkZXI6MDsiIGFsbG93ZnVsbHNjcmVlbj0iIiBsb2FkaW5nPSJsYXp5Ij48L2lmcmFtZT4=<\/script><\/div><\/div>[\/et_pb_code][\/et_pb_column][et_pb_column type=&#8220;1_2&#8243; _builder_version=&#8220;4.9.4&#8243; _module_preset=&#8220;default&#8220; custom_padding=&#8220;0px||0px||true|false&#8220;][et_pb_blurb title=&#8220;E-Mail-Adresse&#8220; url=&#8220;mailto:info@curocon.de&#8220; use_icon=&#8220;on&#8220; font_icon=&#8220;%%153%%&#8220; icon_color=&#8220;#002949&#8243; icon_placement=&#8220;left&#8220; _builder_version=&#8220;4.9.4&#8243; header_font=&#8220;OpenSansRegular|700||on|||||&#8220; header_text_align=&#8220;left&#8220; header_text_color=&#8220;#4d4d4d&#8220; header_font_size=&#8220;14px&#8220; header_letter_spacing=&#8220;2px&#8220; header_line_height=&#8220;1.8em&#8220; body_font=&#8220;OpenSansRegular||||||||&#8220; body_text_color=&#8220;#4d4d4d&#8220; body_font_size=&#8220;18px&#8220; body_line_height=&#8220;1.8em&#8220; background_layout=&#8220;dark&#8220; module_alignment=&#8220;center&#8220; custom_margin=&#8220;237px||||false|false&#8220; custom_margin_tablet=&#8220;&#8220; custom_margin_phone=&#8220;30px||||false|false&#8220; custom_margin_last_edited=&#8220;on|phone&#8220; custom_padding=&#8220;|50px||50px|false|true&#8220; animation_style=&#8220;fold&#8220; animation_delay=&#8220;100ms&#8220; locked=&#8220;off&#8220;]<\/p>\n<p><a href=\"mailto:info@curocon.de\" target=\"_blank\" rel=\"noopener\"><span style=\"color: #000080;\">info@curocon.de<\/span><\/a><\/p>\n<p>[\/et_pb_blurb][et_pb_blurb title=&#8220;Firmensitz&#8220; use_icon=&#8220;on&#8220; font_icon=&#8220;%%122%%&#8220; icon_color=&#8220;#002949&#8243; icon_placement=&#8220;left&#8220; _builder_version=&#8220;4.9.4&#8243; header_font=&#8220;OpenSansRegular|700||on|||||&#8220; header_text_align=&#8220;left&#8220; header_text_color=&#8220;#4d4d4d&#8220; header_font_size=&#8220;14px&#8220; header_letter_spacing=&#8220;2px&#8220; header_line_height=&#8220;1.8em&#8220; body_font=&#8220;OpenSansRegular||||||||&#8220; body_text_color=&#8220;#4d4d4d&#8220; body_font_size=&#8220;18px&#8220; body_line_height=&#8220;1.8em&#8220; background_layout=&#8220;dark&#8220; module_alignment=&#8220;center&#8220; custom_margin=&#8220;35px||||false|false&#8220; custom_padding=&#8220;|50px||50px|false|true&#8220; animation_style=&#8220;fold&#8220; animation_delay=&#8220;100ms&#8220; locked=&#8220;off&#8220;]<\/p>\n<p><span class=\"LrzXr\" style=\"color: #000080;\">Gernsheimer Str. 3, 64673 Zwingenberg, Deutschland<\/span><\/p>\n<p>[\/et_pb_blurb][\/et_pb_column][\/et_pb_row][et_pb_row column_structure=&#8220;1_2,1_2&#8243; use_custom_gutter=&#8220;on&#8220; gutter_width=&#8220;1&#8243; make_equal=&#8220;on&#8220; _builder_version=&#8220;4.7.3&#8243; _module_preset=&#8220;default&#8220; width=&#8220;100%&#8220; max_width=&#8220;2500px&#8220; custom_padding=&#8220;0px||0px|||&#8220;][et_pb_column type=&#8220;1_2&#8243; _builder_version=&#8220;4.7.3&#8243; _module_preset=&#8220;default&#8220; custom_padding=&#8220;20px||20px||true|false&#8220; custom_css_main_element=&#8220;margin: auto;&#8220;][et_pb_text _builder_version=&#8220;4.9.4&#8243; _module_preset=&#8220;default&#8220; text_font=&#8220;OpenSansRegular||||||||&#8220; text_font_size=&#8220;15px&#8220; header_2_font=&#8220;|300||on|||||&#8220; header_2_text_align=&#8220;center&#8220; header_2_text_color=&#8220;#002949&#8243; header_2_font_size=&#8220;40px&#8220; module_alignment=&#8220;center&#8220; custom_padding=&#8220;|50px||50px|false|true&#8220;]<\/p>\n<p><strong>Anreise mit dem Auto:<\/strong><\/p>\n<p>Zwingenberg liegt an der A5 zwischen Darmstadt und Heidelberg.<\/p>\n<p>Bitte Ausfahrt Zwingenberg nehmen &#8230; dann auf die K67 Richtung Bensheim &#8230; an der n\u00e4chsten Kreuzung links &#8230; anschlie\u00dfend zweite Einm\u00fcndung links in die Gernsheimer Stra\u00dfe &#8230; Ziel erreicht!<\/p>\n<p>Parkpl\u00e4tze inkl. Ladem\u00f6glichkeit finden Sie direkt vor unserem Geb\u00e4ude.<\/p>\n<p><strong>Anreise mit \u00f6ffentlichen Verkehrsmitteln:<\/strong><\/p>\n<p>Zwingenberg liegt an der Bahnstrecke Frankfurt &#8211; Heidelberg.<\/p>\n<p>Bitte Bahnstation Zwingenberg (Bergstra\u00dfe) aussteigen &#8230; nach 10 min Fu\u00dfweg &#8230; Ziel erreicht!<\/p>\n<p>Bei Bedarf holen wir Sie gerne elektrisch ab &#8230; kurze Nachricht gen\u00fcgt.<\/p>\n<p>[\/et_pb_text][\/et_pb_column][et_pb_column type=&#8220;1_2&#8243; _builder_version=&#8220;4.6.5&#8243; _module_preset=&#8220;default&#8220;][et_pb_image src=&#8220;https:\/\/www.curocon.de\/wp-content\/uploads\/2021\/03\/Siemens_Ladesaeule_Kontakt.png&#8220; title_text=&#8220;Siemens_Lades\u00e4ule_Kontakt&#8220; _builder_version=&#8220;4.9.2&#8243; _module_preset=&#8220;default&#8220;][\/et_pb_image][\/et_pb_column][\/et_pb_row][\/et_pb_section][et_pb_section fb_built=&#8220;1&#8243; custom_padding_last_edited=&#8220;on|phone&#8220; admin_label=&#8220;Contact&#8220; module_id=&#8220;Kontaktformular&#8220; _builder_version=&#8220;4.9.4&#8243; background_color=&#8220;#002949&#8243; background_enable_image=&#8220;off&#8220; parallax=&#8220;on&#8220; max_width=&#8220;1700px&#8220; module_alignment=&#8220;center&#8220; custom_margin=&#8220;|||&#8220; custom_padding=&#8220;0px|0|0px||false|false&#8220; custom_padding_tablet=&#8220;200px|||&#8220; custom_padding_phone=&#8220;30px||30px||true|false&#8220; top_divider_height=&#8220;350px&#8220; top_divider_height_tablet=&#8220;200px&#8220; top_divider_height_phone=&#8220;150px&#8220; top_divider_height_last_edited=&#8220;on|phone&#8220; locked=&#8220;off&#8220;][et_pb_row use_custom_gutter=&#8220;on&#8220; gutter_width=&#8220;1&#8243; _builder_version=&#8220;4.9.4&#8243; width_tablet=&#8220;&#8220; width_phone=&#8220;95%&#8220; width_last_edited=&#8220;on|phone&#8220; custom_margin=&#8220;||||false|false&#8220; custom_padding=&#8220;0||0px||false|false&#8220; animation_style=&#8220;fade&#8220; animation_direction=&#8220;top&#8220;][et_pb_column type=&#8220;4_4&#8243; _builder_version=&#8220;4.6.1&#8243; background_image=&#8220;https:\/\/www.curocon.de\/wp-content\/uploads\/2021\/02\/AdobeStock_193021781-scaled-1.jpeg&#8220; background_position=&#8220;top_center&#8220; custom_padding=&#8220;|||&#8220; custom_padding__hover=&#8220;|||&#8220;][et_pb_contact_form use_spam_service=&#8220;on&#8220; recaptcha_list=&#8220;Default|Default-0&#8243; email=&#8220;info@CuroCon.de&#8220; custom_message=&#8220;Sie haben eine neue Anfrage:||et_pb_line_break_holder||||et_pb_line_break_holder||Name: %%Name%%||et_pb_line_break_holder||E-Mail-Adresse: %%Email%%||et_pb_line_break_holder||Nachricht: %%Message%%||et_pb_line_break_holder||||et_pb_line_break_holder||Datenschutz: %%Datenschutz%%&#8220; success_message=&#8220;Vielen Dank f\u00fcr Ihre Anfrage. Wir setzen uns schnellstm\u00f6glich mit Ihnen in Verbindung.&#8220; module_id=&#8220;Kontaktformular&#8220; _builder_version=&#8220;4.9.7&#8243; form_field_background_color=&#8220;#ffffff&#8220; form_field_text_color=&#8220;#42526b&#8220; title_font=&#8220;||||||||&#8220; captcha_text_color=&#8220;#ffffff&#8220; form_field_font=&#8220;OpenSansRegular|600||on|||||&#8220; form_field_font_size=&#8220;12px&#8220; form_field_letter_spacing=&#8220;1px&#8220; background_color=&#8220;#002949&#8243; custom_button=&#8220;on&#8220; button_text_size=&#8220;13px&#8220; button_text_color=&#8220;#ffffff&#8220; button_bg_color=&#8220;rgba(0,0,0,0)&#8220; button_border_width=&#8220;2px&#8220; button_border_color=&#8220;#ffffff&#8220; button_border_radius=&#8220;3px&#8220; button_letter_spacing=&#8220;2px&#8220; button_font=&#8220;|||on|||||&#8220; button_icon_color=&#8220;#ffffff&#8220; custom_margin=&#8220;|||&#8220; custom_margin_tablet=&#8220;&#8220; custom_margin_phone=&#8220;&#8220; custom_margin_last_edited=&#8220;on|phone&#8220; custom_padding=&#8220;80px|0px|6px|0px|false|true&#8220; border_color_all=&#8220;#666EE8&#8243; box_shadow_style_button=&#8220;preset3&#8243; form_background_color=&#8220;rgba(67,40,183,0.08)&#8220; locked=&#8220;off&#8220;][et_pb_contact_field field_id=&#8220;Kontaktformular_Titel&#8220; field_title=&#8220;Kontaktformular&#8220; required_mark=&#8220;off&#8220; fullwidth_field=&#8220;on&#8220; _builder_version=&#8220;4.9.4&#8243; form_field_text_align=&#8220;left&#8220; form_field_font_size=&#8220;18px&#8220; max_width=&#8220;296px&#8220; button_text_size__hover_enabled=&#8220;off&#8220; button_one_text_size__hover_enabled=&#8220;off&#8220; button_two_text_size__hover_enabled=&#8220;off&#8220; button_text_color__hover_enabled=&#8220;off&#8220; button_one_text_color__hover_enabled=&#8220;off&#8220; button_two_text_color__hover_enabled=&#8220;off&#8220; button_border_width__hover_enabled=&#8220;off&#8220; button_one_border_width__hover_enabled=&#8220;off&#8220; button_two_border_width__hover_enabled=&#8220;off&#8220; button_border_color__hover_enabled=&#8220;off&#8220; button_one_border_color__hover_enabled=&#8220;off&#8220; button_two_border_color__hover_enabled=&#8220;off&#8220; button_border_radius__hover_enabled=&#8220;off&#8220; button_one_border_radius__hover_enabled=&#8220;off&#8220; button_two_border_radius__hover_enabled=&#8220;off&#8220; button_letter_spacing__hover_enabled=&#8220;off&#8220; button_one_letter_spacing__hover_enabled=&#8220;off&#8220; button_two_letter_spacing__hover_enabled=&#8220;off&#8220; button_bg_color__hover_enabled=&#8220;off&#8220; button_one_bg_color__hover_enabled=&#8220;off&#8220; button_two_bg_color__hover_enabled=&#8220;off&#8220;][\/et_pb_contact_field][et_pb_contact_field field_id=&#8220;Name&#8220; field_title=&#8220;Ihr Vor- und Nachname&#8220; _builder_version=&#8220;4.8.2&#8243; button_text_size__hover_enabled=&#8220;off&#8220; button_one_text_size__hover_enabled=&#8220;off&#8220; button_two_text_size__hover_enabled=&#8220;off&#8220; button_text_color__hover_enabled=&#8220;off&#8220; button_one_text_color__hover_enabled=&#8220;off&#8220; button_two_text_color__hover_enabled=&#8220;off&#8220; button_border_width__hover_enabled=&#8220;off&#8220; button_one_border_width__hover_enabled=&#8220;off&#8220; button_two_border_width__hover_enabled=&#8220;off&#8220; button_border_color__hover_enabled=&#8220;off&#8220; button_one_border_color__hover_enabled=&#8220;off&#8220; button_two_border_color__hover_enabled=&#8220;off&#8220; button_border_radius__hover_enabled=&#8220;off&#8220; button_one_border_radius__hover_enabled=&#8220;off&#8220; button_two_border_radius__hover_enabled=&#8220;off&#8220; button_letter_spacing__hover_enabled=&#8220;off&#8220; button_one_letter_spacing__hover_enabled=&#8220;off&#8220; button_two_letter_spacing__hover_enabled=&#8220;off&#8220; button_bg_color__hover_enabled=&#8220;off&#8220; button_one_bg_color__hover_enabled=&#8220;off&#8220; button_two_bg_color__hover_enabled=&#8220;off&#8220;][\/et_pb_contact_field][et_pb_contact_field field_id=&#8220;Email&#8220; field_title=&#8220;E-Mail-Adresse&#8220; field_type=&#8220;email&#8220; _builder_version=&#8220;4.8.2&#8243; button_text_size__hover_enabled=&#8220;off&#8220; button_one_text_size__hover_enabled=&#8220;off&#8220; button_two_text_size__hover_enabled=&#8220;off&#8220; button_text_color__hover_enabled=&#8220;off&#8220; button_one_text_color__hover_enabled=&#8220;off&#8220; button_two_text_color__hover_enabled=&#8220;off&#8220; button_border_width__hover_enabled=&#8220;off&#8220; button_one_border_width__hover_enabled=&#8220;off&#8220; button_two_border_width__hover_enabled=&#8220;off&#8220; button_border_color__hover_enabled=&#8220;off&#8220; button_one_border_color__hover_enabled=&#8220;off&#8220; button_two_border_color__hover_enabled=&#8220;off&#8220; button_border_radius__hover_enabled=&#8220;off&#8220; button_one_border_radius__hover_enabled=&#8220;off&#8220; button_two_border_radius__hover_enabled=&#8220;off&#8220; button_letter_spacing__hover_enabled=&#8220;off&#8220; button_one_letter_spacing__hover_enabled=&#8220;off&#8220; button_two_letter_spacing__hover_enabled=&#8220;off&#8220; button_bg_color__hover_enabled=&#8220;off&#8220; button_one_bg_color__hover_enabled=&#8220;off&#8220; button_two_bg_color__hover_enabled=&#8220;off&#8220;][\/et_pb_contact_field][et_pb_contact_field field_id=&#8220;Message&#8220; field_title=&#8220;Ihre Nachricht an Curocon&#8220; field_type=&#8220;text&#8220; fullwidth_field=&#8220;on&#8220; _builder_version=&#8220;4.8.2&#8243; button_text_size__hover_enabled=&#8220;off&#8220; button_one_text_size__hover_enabled=&#8220;off&#8220; button_two_text_size__hover_enabled=&#8220;off&#8220; button_text_color__hover_enabled=&#8220;off&#8220; button_one_text_color__hover_enabled=&#8220;off&#8220; button_two_text_color__hover_enabled=&#8220;off&#8220; button_border_width__hover_enabled=&#8220;off&#8220; button_one_border_width__hover_enabled=&#8220;off&#8220; button_two_border_width__hover_enabled=&#8220;off&#8220; button_border_color__hover_enabled=&#8220;off&#8220; button_one_border_color__hover_enabled=&#8220;off&#8220; button_two_border_color__hover_enabled=&#8220;off&#8220; button_border_radius__hover_enabled=&#8220;off&#8220; button_one_border_radius__hover_enabled=&#8220;off&#8220; button_two_border_radius__hover_enabled=&#8220;off&#8220; button_letter_spacing__hover_enabled=&#8220;off&#8220; button_one_letter_spacing__hover_enabled=&#8220;off&#8220; button_two_letter_spacing__hover_enabled=&#8220;off&#8220; button_bg_color__hover_enabled=&#8220;off&#8220; button_one_bg_color__hover_enabled=&#8220;off&#8220; button_two_bg_color__hover_enabled=&#8220;off&#8220;][\/et_pb_contact_field][et_pb_contact_field field_id=&#8220;Datenschutz&#8220; field_title=&#8220;Datenschutz&#8220; field_type=&#8220;checkbox&#8220; checkbox_options=&#8220;%91{%22value%22:%22Ich stimme zu, dass meine Angaben und Daten zur Beantwortung meiner Anfrage elektronisch erhoben und gespeichert werden.%22,%22checked%22:0,%22dragID%22:-1,%22link_url%22:%22https:\/\/www.curocon.de\/datenschutzerklaerung\/%22}%93&#8243; fullwidth_field=&#8220;on&#8220; _builder_version=&#8220;4.9.4&#8243; form_field_background_color=&#8220;#FFFFFF&#8220; form_field_text_color=&#8220;#0C71C3&#8243; custom_margin=&#8220;0px||||false|false&#8220; custom_padding=&#8220;20px||||false|false&#8220; link_option_url=&#8220;https:\/\/www.curocon.de\/datenschutzerklaerung\/&#8220; link_option_url_new_window=&#8220;on&#8220; custom_css_main_element=&#8220;color: white;&#8220;][\/et_pb_contact_field][\/et_pb_contact_form][\/et_pb_column][\/et_pb_row][et_pb_row _builder_version=&#8220;4.9.7&#8243; _module_preset=&#8220;default&#8220;][et_pb_column type=&#8220;4_4&#8243; _builder_version=&#8220;4.9.7&#8243; _module_preset=&#8220;default&#8220;][et_pb_text _builder_version=&#8220;4.9.7&#8243; _module_preset=&#8220;default&#8220;]<\/p>\n<div class=\"BorlabsCookie _brlbs-cb-recaptcha\"><div class=\"_brlbs-content-blocker\"> <div class=\"_brlbs-default\"> <p>Klicken Sie auf den Button, um das Kontaktformular zu senden. Wir nutzen Google reCAPTCHA v3. Weitere Informationen dazu finden Sie <a href=\"https:\/\/policies.google.com\/privacy?hl=de\">hier<\/a><\/p> <p><a class=\"_brlbs-btn\" href=\"#\" data-borlabs-cookie-unblock role=\"button\">Echtheit best\u00e4tigen<\/a><\/p> <\/div> <\/div> <script> jQuery(document).ready(function() { jQuery('.et_pb_recaptcha_enabled .et_pb_contact_submit').prop('disabled', true); }); <\/script><div class=\"borlabs-hide\" data-borlabs-cookie-type=\"content-blocker\" data-borlabs-cookie-id=\"recaptcha\"><script type=\"text\/template\">R29vZ2xlIHJlQ0FQVENIQSB3dXJkZSBnZWxhZGVu<\/script><\/div><\/div>\n<p>[\/et_pb_text][\/et_pb_column][\/et_pb_row][\/et_pb_section][et_pb_section fb_built=&#8220;1&#8243; _builder_version=&#8220;4.9.7&#8243; _module_preset=&#8220;default&#8220;][\/et_pb_section]<\/p>\n","protected":false},"excerpt":{"rendered":"<p>IHR KONTAKT ZU UNSHaben Sie Fragen zu unseren Produkten oder Dienstleistungen? M\u00f6chten Sie sich vor Ort von uns und unserem Team \u00fcberzeugen? Wollen Sie unser Firmendomizil kennenlernen? M\u00f6chten Sie Ihr Elektrofahrzeug an unserer hauseigenen Ladetechnik aufladen? M\u00f6chten Sie ein auf Ihre Bed\u00fcrfnisse abgestimmtes Angebot? Wir freuen uns auf Ihre pers\u00f6nliche Kontaktaufnahme \u00fcber unser Formular oder [&hellip;]<\/p>\n","protected":false},"author":4,"featured_media":0,"parent":0,"menu_order":0,"comment_status":"closed","ping_status":"closed","template":"","meta":{"_et_pb_use_builder":"on","_et_pb_old_content":"<!-- wp:divi\/placeholder \/-->","_et_gb_content_width":"","footnotes":""},"class_list":["post-22","page","type-page","status-publish","hentry"],"_links":{"self":[{"href":"https:\/\/www.curocon.de\/en\/wp-json\/wp\/v2\/pages\/22","targetHints":{"allow":["GET"]}}],"collection":[{"href":"https:\/\/www.curocon.de\/en\/wp-json\/wp\/v2\/pages"}],"about":[{"href":"https:\/\/www.curocon.de\/en\/wp-json\/wp\/v2\/types\/page"}],"author":[{"embeddable":true,"href":"https:\/\/www.curocon.de\/en\/wp-json\/wp\/v2\/users\/4"}],"replies":[{"embeddable":true,"href":"https:\/\/www.curocon.de\/en\/wp-json\/wp\/v2\/comments?post=22"}],"version-history":[{"count":63,"href":"https:\/\/www.curocon.de\/en\/wp-json\/wp\/v2\/pages\/22\/revisions"}],"predecessor-version":[{"id":5104,"href":"https:\/\/www.curocon.de\/en\/wp-json\/wp\/v2\/pages\/22\/revisions\/5104"}],"wp:attachment":[{"href":"https:\/\/www.curocon.de\/en\/wp-json\/wp\/v2\/media?parent=22"}],"curies":[{"name":"wp","href":"https:\/\/api.w.org\/{rel}","templated":true}]}}