{"id":4389,"date":"2021-04-23T09:50:29","date_gmt":"2021-04-23T07:50:29","guid":{"rendered":"https:\/\/www.curocon.de\/?page_id=4389"},"modified":"2026-01-28T14:46:46","modified_gmt":"2026-01-28T13:46:46","slug":"allgemeine-geschaeftsbedingungen","status":"publish","type":"page","link":"https:\/\/www.curocon.de\/en\/allgemeine-geschaeftsbedingungen\/","title":{"rendered":"general terms and conditions"},"content":{"rendered":"<p>[et_pb_section fb_built=&#8220;1&#8243; custom_padding_last_edited=&#8220;on|phone&#8220; _builder_version=&#8220;4.16&#8243; _module_preset=&#8220;default&#8220; background_image=&#8220;https:\/\/www.curocon.de\/wp-content\/uploads\/2021\/04\/CuroCon_Unterseite_Impressum_01.png&#8220; custom_padding=&#8220;365px||365px||true|false&#8220; custom_padding_tablet=&#8220;&#8220; custom_padding_phone=&#8220;100px||100px||true|false&#8220; locked=&#8220;off&#8220; global_colors_info=&#8220;{}&#8220;][et_pb_row _builder_version=&#8220;4.16&#8243; _module_preset=&#8220;default&#8220; custom_padding=&#8220;0px|||||&#8220; global_colors_info=&#8220;{}&#8220;][et_pb_column type=&#8220;4_4&#8243; _builder_version=&#8220;4.16&#8243; _module_preset=&#8220;default&#8220; global_colors_info=&#8220;{}&#8220;][\/et_pb_column][\/et_pb_row][\/et_pb_section][et_pb_section fb_built=&#8220;1&#8243; _builder_version=&#8220;4.16&#8243; _module_preset=&#8220;default&#8220; custom_margin=&#8220;60px||||false|false&#8220; custom_padding=&#8220;0px||||false|false&#8220; global_colors_info=&#8220;{}&#8220;][et_pb_row _builder_version=&#8220;4.16&#8243; _module_preset=&#8220;default&#8220; global_colors_info=&#8220;{}&#8220;][et_pb_column type=&#8220;4_4&#8243; _builder_version=&#8220;4.16&#8243; _module_preset=&#8220;default&#8220; global_colors_info=&#8220;{}&#8220;][et_pb_text _builder_version=&#8220;4.27.5&#8243; _module_preset=&#8220;default&#8220; text_line_height=&#8220;0.1em&#8220; hover_enabled=&#8220;0&#8243; global_colors_info=&#8220;{}&#8220; sticky_enabled=&#8220;0&#8243;]<\/p>\n<h2><strong>Allgemeine Gesch\u00e4ftsbedingungen (<a href=\"https:\/\/www.curocon.de\/wp-content\/uploads\/2021\/12\/Allgemeine-Geschaeftsbedingungen-AGB.pdf\" target=\"_blank\" rel=\"noopener\">AGB<\/a>)<\/strong><\/h2>\n<h4><strong>Liefer- und Zahlungsbedingungen<\/strong><\/h4>\n<p>&nbsp;<\/p>\n<p>&nbsp;<\/p>\n<p><strong>Allgemein<\/strong><\/p>\n<ul style=\"font-weight: 400;\">\n<li>Es gelten ausschlie\u00dflich unsere &#8222;<a href=\"https:\/\/www.curocon.de\/wp-content\/uploads\/2022\/08\/Allgemeine-Lieferbedingungen-GL_2022_01_DE.pdf\" target=\"_blank\" rel=\"noopener\">Allgemeinen Lieferbedingungen f\u00fcr Erzeugnisse und Leistungen der Elektroindustrie<\/a>&#8220; inklusive der &#8222;<a href=\"https:\/\/www.curocon.de\/wp-content\/uploads\/2021\/04\/9.AGB_Ergaenzugsklausel-englisch-deutsch.pdf\" target=\"_blank\" rel=\"noopener\">Erg\u00e4nzungsklausel: Erweiterter Eigentumsvorbehalt<\/a>&#8220; und der &#8222;<a href=\"https:\/\/www.curocon.de\/wp-content\/uploads\/2022\/08\/4.Softwareklausel-deutsch-2022.pdf\" target=\"_blank\" rel=\"noopener\">Softwareklausel<\/a>&#8220; gem\u00e4\u00df ZVEI, Stand gem\u00e4\u00df Angebotsabgabe und ggf. dar\u00fcber hinaus getroffene zus\u00e4tzliche individuelle Vereinbarungen (z.B. Rahmen-\/Werk-\/Dienstvertr\u00e4ge) sowie die innerhalb dieser Liefer- und Zahlungsbedingungen zus\u00e4tzlich aufgef\u00fchrten vorrangigen Erg\u00e4nzungen.<\/li>\n<li>Erweiterungen oder Mehraufwendungen sowie Warte- oder Verz\u00f6gerungszeiten, die w\u00e4hrend der Auftragsbearbeitung anfallen und nicht durch uns verursacht wurden, werden gesondert in Rechnung gestellt.<\/li>\n<li>T\u00e4tigkeiten, die im Angebotsumfang enthalten sind, beziehen sich stets auf die Regelarbeitszeit, solange im Angebot keine gesonderten Vereinbarungen aufgef\u00fchrt sind.<\/li>\n<li>Ohne unsere ausdr\u00fcckliche schriftliche Genehmigung d\u00fcrfen diese Unterlagen oder Ausz\u00fcge daraus nicht an Dritte weitergegeben werden.<\/li>\n<\/ul>\n<p>&nbsp;<\/p>\n<p><strong>M\u00e4ngelhaftung<\/strong><\/p>\n<ul style=\"font-weight: 400;\">\n<li>M\u00e4ngelfrist gem\u00e4\u00df Angebot oder individueller Vereinbarung auf unsere Liefer- bzw. Leistungsumf\u00e4nge, beginnend &#8211; je nach Umfang &#8211; mit erfolgter Leistungserbringung, Lieferung oder Auslieferungsbereitschaft.<\/li>\n<li>Keine M\u00e4ngelhaftung f\u00fcr rein beratende, aufwandsbasierte und forschende T\u00e4tigkeiten sowie f\u00fcr von Dritten unsachgem\u00e4\u00df vorgenommene \u00c4nderungen, Instandsetzungen, Ein-\/Ausbau und daraus resultierenden Folgen.<\/li>\n<li>Die M\u00e4ngelhaftung bezieht sich stets auf den Liefer- oder Leistungsort gem\u00e4\u00df Angebot oder individueller Vereinbarung.<\/li>\n<li>M\u00e4ngelhaftung f\u00fcr ins Ausland verlagerte Objekte oder Anlagen beschr\u00e4nkt sich auf Ferndiagnose oder Fernwartung.<\/li>\n<\/ul>\n<p>&nbsp;<\/p>\n<p><strong>Haftung und Versicherung<\/strong><\/p>\n<ul style=\"font-weight: 400;\">\n<li>Betriebs-, Berufs-, Produkt- und IT-Haftpflicht f\u00fcr unmittelbare Sch\u00e4den sind weltweit bis zu einer Summe von 5 Mio. Euro versichert gem\u00e4\u00df <a href=\"https:\/\/www.curocon.de\/wp-content\/uploads\/2026\/01\/Haftpflichtversicherung-V-069-208-664-2.pdf\" target=\"_blank\" rel=\"noopener\">Versicherungsbest\u00e4tigung<\/a>.<\/li>\n<li>Eine kunden- oder projektspezifische Erh\u00f6hung der Versicherungssumme ist auf Anfrage m\u00f6glich.<\/li>\n<li>Ersatz oder Haftung f\u00fcr mittelbare Sch\u00e4den (z.B. Betriebsunterbrechung, Produktionsausfall, Gewinn-\/ Nutzungsentgang, Aus-\/Einbau-\/Folgekosten) sind ausgeschlossen, sofern nicht gesetzlich zwingend vorgeschrieben.<\/li>\n<li>Haftung und Versicherung beziehen sich stets auf den Liefer- oder Leistungsort gem\u00e4\u00df Angebot oder individueller Vereinbarung.<\/li>\n<\/ul>\n<p>&nbsp;<\/p>\n<p><strong>Lieferung und Leistungserbringung<\/strong><\/p>\n<ul style=\"font-weight: 400;\">\n<li>Lieferzeit gem\u00e4\u00df Angebot oder individueller Vereinbarung und stets unverbindlich.<\/li>\n<li>Liefer- oder Leistungsort gem\u00e4\u00df Angebot oder individueller Vereinbarung.<\/li>\n<li>Lieferung ab Werk, unverpackt oder gem\u00e4\u00df Angebot oder individueller Vereinbarung.<\/li>\n<\/ul>\n<p>&nbsp;<\/p>\n<p><strong>Dokumentation<\/strong><\/p>\n<ul style=\"font-weight: 400;\">\n<li>Dokumentation erfolgt im angegebenen Format gem\u00e4\u00df Angebot oder individueller Vereinbarung.<\/li>\n<\/ul>\n<p>&nbsp;<\/p>\n<p><strong>G\u00fcltigkeit und Bindung<\/strong><\/p>\n<ul style=\"font-weight: 400;\">\n<li>Verrechnungss\u00e4tze sind freibleibend und gelten bis zum Erscheinen neuer Verrechnungss\u00e4tze.<\/li>\n<li>Angebote sind freibleibend und ohne Nennung einer G\u00fcltigkeitsdauer f\u00fcr 2 Monate preisgebunden.<\/li>\n<li>Richtpreise oder Kostensch\u00e4tzungen sind freibleibend und ohne jede Bindung.<\/li>\n<\/ul>\n<p>&nbsp;<\/p>\n<p><strong>Zahlungsbedingungen<\/strong><strong><\/strong><\/p>\n<ul style=\"font-weight: 400;\">\n<li>Die Abrechnung erfolgt nach Leistungserbringung, Lieferung oder sp\u00e4testens 4 Wochen nach Anzeige der Lieferbereitschaft, entweder gem\u00e4\u00df Preisaufstellung des zugeh\u00f6rigen Angebots oder bei Aufwandsabrechnung gem\u00e4\u00df der zu diesem Zeitpunkt g\u00fcltigen Verrechnungss\u00e4tze oder gem\u00e4\u00df individueller Vereinbarung.<\/li>\n<li>Die angegebenen Preise verstehen sich zuz\u00fcglich der am Tage der Leistungserbringung, Lieferung oder Rechnungsstellung g\u00fcltigen gesetzlichen Steuern.<\/li>\n<\/ul>\n<p>&nbsp;<\/p>\n<p><strong>Steuerliche Regelung bei Auslandslieferungen oder -leistungen<\/strong><\/p>\n<p>&nbsp;<\/p>\n<ul style=\"font-weight: 400;\">\n<li>Bei steuerfreier innergemeinschaftlicher (EU) Lieferung geht die Steuerschuld auf den Lieferungsempf\u00e4nger \u00fcber.<\/li>\n<li>Bei innergemeinschaftlicher (EU) Leistungserbringung kehrt sich die Steuerschuld zum Leistungsempf\u00e4nger um (Reverse-Charge).<\/li>\n<li>Bei Lieferung oder Leistungserbringung in Drittl\u00e4nder gelten die jeweiligen dortigen steuerlichen Regelungen.<\/li>\n<\/ul>\n<p>[\/et_pb_text][\/et_pb_column][\/et_pb_row][et_pb_row _builder_version=&#8220;4.16&#8243; _module_preset=&#8220;default&#8220; global_colors_info=&#8220;{}&#8220;][et_pb_column type=&#8220;4_4&#8243; _builder_version=&#8220;4.16&#8243; _module_preset=&#8220;default&#8220; global_colors_info=&#8220;{}&#8220;][et_pb_button button_url=&#8220;https:\/\/www.curocon.de\/wp-content\/uploads\/2024\/06\/Allgemeine-Geschaeftsbedingungen-AGB-2024.pdf&#8220; url_new_window=&#8220;on&#8220; button_text=&#8220;Allgemeine Gesch\u00e4ftsbedingungen (AGB)&#8220; _builder_version=&#8220;4.25.1&#8243; _module_preset=&#8220;default&#8220; custom_button=&#8220;on&#8220; button_text_size=&#8220;16px&#8220; button_text_color=&#8220;#002949&#8243; button_border_width=&#8220;1px&#8220; button_font=&#8220;OpenSansRegular|||on|||||&#8220; button_icon=&#8220;&#xe004;||divi||400&#8243; button_on_hover=&#8220;off&#8220; custom_margin=&#8220;3px|||||&#8220; custom_padding=&#8220;|30px|||false|false&#8220; locked=&#8220;off&#8220; global_colors_info=&#8220;{}&#8220;][\/et_pb_button][et_pb_button button_url=&#8220;https:\/\/www.curocon.de\/wp-content\/uploads\/2022\/08\/Allgemeine-Lieferbedingungen-GL_2022_01_DE.pdf&#8220; url_new_window=&#8220;on&#8220; button_text=&#8220;Allgemeine Lieferbedingungen f\u00fcr Erzeugnisse und Leistungen der Elektroindustrie gem\u00e4\u00df ZVEI&#8220; _builder_version=&#8220;4.18.0&#8243; _module_preset=&#8220;default&#8220; custom_button=&#8220;on&#8220; button_text_size=&#8220;16px&#8220; button_text_color=&#8220;#002949&#8243; button_border_width=&#8220;1px&#8220; button_font=&#8220;OpenSansRegular|||on|||||&#8220; button_icon=&#8220;&#xe004;||divi||400&#8243; button_on_hover=&#8220;off&#8220; custom_margin=&#8220;3px|||||&#8220; custom_padding=&#8220;|30px|||false|false&#8220; locked=&#8220;off&#8220; global_colors_info=&#8220;{}&#8220;][\/et_pb_button][et_pb_button button_url=&#8220;https:\/\/www.curocon.de\/wp-content\/uploads\/2021\/04\/9.AGB_Ergaenzugsklausel-englisch-deutsch.pdf&#8220; url_new_window=&#8220;on&#8220; button_text=&#8220;Erg\u00e4nzungsklausel: Erweiterter Eigentumsvorbehalt gem\u00e4\u00df ZVEI&#8220; _builder_version=&#8220;4.16&#8243; _module_preset=&#8220;default&#8220; custom_button=&#8220;on&#8220; button_text_size=&#8220;16px&#8220; button_text_color=&#8220;#002949&#8243; button_border_width=&#8220;1px&#8220; button_font=&#8220;OpenSansRegular|||on|||||&#8220; button_icon=&#8220;&#xe004;||divi||400&#8243; button_on_hover=&#8220;off&#8220; custom_margin=&#8220;3px|||||&#8220; custom_padding=&#8220;|30px|||false|false&#8220; locked=&#8220;off&#8220; global_colors_info=&#8220;{}&#8220;][\/et_pb_button][et_pb_button button_url=&#8220;https:\/\/www.curocon.de\/wp-content\/uploads\/2022\/08\/4.Softwareklausel-deutsch-2022.pdf&#8220; url_new_window=&#8220;on&#8220; button_text=&#8220;Softwareklausel zur \u00dcberlassung von Standard-Software als Teil von Lieferungen gem\u00e4\u00df ZVEI&#8220; _builder_version=&#8220;4.18.0&#8243; _module_preset=&#8220;default&#8220; custom_button=&#8220;on&#8220; button_text_size=&#8220;16px&#8220; button_text_color=&#8220;#002949&#8243; button_border_width=&#8220;1px&#8220; button_font=&#8220;OpenSansRegular|||on|||||&#8220; button_icon=&#8220;&#xe004;||divi||400&#8243; button_on_hover=&#8220;off&#8220; custom_margin=&#8220;3px|||||&#8220; custom_padding=&#8220;|30px|||false|false&#8220; locked=&#8220;off&#8220; global_colors_info=&#8220;{}&#8220;][\/et_pb_button][et_pb_button button_url=&#8220;https:\/\/www.curocon.de\/wp-content\/uploads\/2026\/01\/Haftpflichtversicherung-V-069-208-664-2.pdf&#8220; url_new_window=&#8220;on&#8220; button_text=&#8220;Versicherungsbest\u00e4tigung Haftpflichtversicherung&#8220; _builder_version=&#8220;4.27.5&#8243; _module_preset=&#8220;default&#8220; custom_button=&#8220;on&#8220; button_text_size=&#8220;16px&#8220; button_text_color=&#8220;#002949&#8243; button_border_width=&#8220;1px&#8220; button_font=&#8220;OpenSansRegular|||on|||||&#8220; button_icon=&#8220;&#xe004;||divi||400&#8243; button_on_hover=&#8220;off&#8220; custom_margin=&#8220;3px|||||&#8220; custom_padding=&#8220;|30px|||false|false&#8220; hover_enabled=&#8220;0&#8243; locked=&#8220;off&#8220; global_colors_info=&#8220;{}&#8220; sticky_enabled=&#8220;0&#8243;][\/et_pb_button][et_pb_button button_url=&#8220;https:\/\/www.curocon.de\/wp-content\/uploads\/2024\/07\/Code_of_Conduct_Compliance_CuroCon_de.pdf&#8220; url_new_window=&#8220;on&#8220; button_text=&#8220;Code of Conduct &#8220; _builder_version=&#8220;4.27.0&#8243; _module_preset=&#8220;default&#8220; custom_button=&#8220;on&#8220; button_text_size=&#8220;16px&#8220; button_text_color=&#8220;#002949&#8243; button_border_width=&#8220;1px&#8220; button_font=&#8220;OpenSansRegular|||on|||||&#8220; button_icon=&#8220;&#xe004;||divi||400&#8243; button_on_hover=&#8220;off&#8220; custom_margin=&#8220;3px|||||&#8220; custom_padding=&#8220;|30px|||false|false&#8220; locked=&#8220;off&#8220; global_colors_info=&#8220;{}&#8220;][\/et_pb_button][\/et_pb_column][\/et_pb_row][\/et_pb_section]<\/p>\n","protected":false},"excerpt":{"rendered":"<p>Allgemeine Gesch\u00e4ftsbedingungen (AGB) Liefer- und Zahlungsbedingungen &nbsp; &nbsp; Allgemein Es gelten ausschlie\u00dflich unsere &#8222;Allgemeinen Lieferbedingungen f\u00fcr Erzeugnisse und Leistungen der Elektroindustrie&#8220; inklusive der &#8222;Erg\u00e4nzungsklausel: Erweiterter Eigentumsvorbehalt&#8220; und der &#8222;Softwareklausel&#8220; gem\u00e4\u00df ZVEI, Stand gem\u00e4\u00df Angebotsabgabe und ggf. dar\u00fcber hinaus getroffene zus\u00e4tzliche individuelle Vereinbarungen (z.B. Rahmen-\/Werk-\/Dienstvertr\u00e4ge) sowie die innerhalb dieser Liefer- und Zahlungsbedingungen zus\u00e4tzlich aufgef\u00fchrten vorrangigen Erg\u00e4nzungen. [&hellip;]<\/p>\n","protected":false},"author":4,"featured_media":0,"parent":0,"menu_order":0,"comment_status":"closed","ping_status":"closed","template":"","meta":{"_et_pb_use_builder":"on","_et_pb_old_content":"","_et_gb_content_width":"","footnotes":""},"class_list":["post-4389","page","type-page","status-publish","hentry"],"_links":{"self":[{"href":"https:\/\/www.curocon.de\/en\/wp-json\/wp\/v2\/pages\/4389","targetHints":{"allow":["GET"]}}],"collection":[{"href":"https:\/\/www.curocon.de\/en\/wp-json\/wp\/v2\/pages"}],"about":[{"href":"https:\/\/www.curocon.de\/en\/wp-json\/wp\/v2\/types\/page"}],"author":[{"embeddable":true,"href":"https:\/\/www.curocon.de\/en\/wp-json\/wp\/v2\/users\/4"}],"replies":[{"embeddable":true,"href":"https:\/\/www.curocon.de\/en\/wp-json\/wp\/v2\/comments?post=4389"}],"version-history":[{"count":80,"href":"https:\/\/www.curocon.de\/en\/wp-json\/wp\/v2\/pages\/4389\/revisions"}],"predecessor-version":[{"id":6132,"href":"https:\/\/www.curocon.de\/en\/wp-json\/wp\/v2\/pages\/4389\/revisions\/6132"}],"wp:attachment":[{"href":"https:\/\/www.curocon.de\/en\/wp-json\/wp\/v2\/media?parent=4389"}],"curies":[{"name":"wp","href":"https:\/\/api.w.org\/{rel}","templated":true}]}}